{"id":30,"date":"2012-01-24T21:53:23","date_gmt":"2012-01-24T21:53:23","guid":{"rendered":"http:\/\/www.estudiofractal.com\/guerreroycia\/tester\/?page_id=30"},"modified":"2012-03-13T21:47:51","modified_gmt":"2012-03-13T21:47:51","slug":"sitios-de-interes","status":"publish","type":"page","link":"https:\/\/www.estudiofractal.com\/guerreroycia\/tester\/sitios-de-interes\/","title":{"rendered":"Sitios de Inter\u00e9s"},"content":{"rendered":"<p><a href=\"http:\/\/www.achidam.cl\/\">Asociaci\u00f3n Chilena de Derecho Ambiental<\/a><br \/>\n<a href=\"http:\/\/www.bcentral.cl\/index.asp\">Banco Central de Chile<\/a><br \/>\n<a href=\"http:\/\/www.bcn.cl\/\">Biblioteca del Congreso Nacional de Chile<\/a><br \/>\n<a href=\"http:\/\/www.bolsadesantiago.com\/index.aspx\">Bolsa de Comercio de Santiago<\/a><br \/>\n<a href=\"http:\/\/www.chilifrance.cl\/\">C\u00e1mara Chileno Francesa de Comercio e Industria<\/a><br \/>\n<a href=\"http:\/\/www.amchamchile.cl\/\">C\u00e1mara Chileno Norteamericana de Comercio<\/a><br \/>\n<a href=\"http:\/\/www.ccs.cl\/\">C\u00e1mara de Comercio de Santiago<\/a><br \/>\n<a href=\"http:\/\/www.camara.cl\/\">C\u00e1mara de Diputados<\/a><br \/>\n<a href=\"http:\/\/www.cchc.cl\/\">C\u00e1mara Chilena de la Construcci\u00f3n<\/a><br \/>\n<a href=\"http:\/\/www.abogados.cl\/\">Colegio de Abogados de Chile<\/a><br \/>\n<a href=\"http:\/\/www.conservador.cl\/\">Conservador de Bienes Ra\u00edces de Santiago<\/a><br \/>\n<a href=\"http:\/\/www.cne.cl\/cnewww\/opencms\/\">Comisi\u00f3n Nacional de Energ\u00eda<\/a><br \/>\n<a href=\"http:\/\/www.mma.gob.cl\/1257\/w3-channel.html\">Comisi\u00f3n Nacional del Medio Ambiente (CONAMA)<\/a><br \/>\n<a href=\"http:\/\/www.ccr.cl\/index.php?idioma=espanol\">Comisi\u00f3n Clasificadora de Riesgos<\/a><br \/>\n<a href=\"http:\/\/www.inversionextranjera.cl\/index\/index.asp\">Comit\u00e9 de Inversiones Extranjeras<\/a><br \/>\n<a href=\"http:\/\/www.congreso.cl\/\">Congreso de Chile<\/a><br \/>\n<a href=\"http:\/\/www.contraloria.cl\/NewPortal2\/portal2\/appmanager\/portalCGR\/v3ESP?_nfpb=true&amp;_pageLabel=P18200239681286226265111\">Contralor\u00eda General de la Rep\u00fablica<\/a><br \/>\n<a href=\"http:\/\/www.conaf.cl\/\">Corporaci\u00f3n del Fomento de la Producci\u00f3n (CORFO)<br \/>\nCorporaci\u00f3n Nacional Forestal (CONAF)<\/a><br \/>\n<a href=\"http:\/\/www.dt.gob.cl\/1601\/w3-channel.html\">Direcci\u00f3n del Trabajo<\/a><br \/>\n<a href=\"http:\/\/www.dga.cl\/Paginas\/default.aspx\">Direcci\u00f3n General de Aguas<\/a><br \/>\n<a href=\"http:\/\/www.dpi.cl\/tapa.asp?cuerpo=486\">Departamento de Propiedad Industrial de Chile<\/a><br \/>\n<a href=\"http:\/\/www.diarioficial.cl\/\">Diario Oficial<\/a><br \/>\n<a href=\"http:\/\/www.emol.com\/\">Diario El Mercurio<\/a><br \/>\n<a href=\"http:\/\/www.eea.europa.eu\/\">European Environment Agency<\/a><br \/>\n<a href=\"http:\/\/www.fne.cl\/\">Fiscal\u00eda Nacional Econ\u00f3mica<\/a><br \/>\n<a href=\"http:\/\/www.gobiernodechile.cl\/\">Gobierno de Chile<\/a><br \/>\n<a href=\"http:\/\/www.ispch.cl\/\">Instituto de Salud P\u00fablica<\/a><br \/>\n<a href=\"http:\/\/www.ine.cl\/home.php\">Instituto Nacional de Estad\u00edsticas<\/a><br \/>\n<a href=\"http:\/\/www.legislaw.com.ar\/\">LegisLaw (Banco Jur\u00eddico Argentino)<\/a><br \/>\n<a href=\"http:\/\/www.ministeriopublico.cl\/index.asp\">Ministerio P\u00fablico<\/a><br \/>\n<a href=\"http:\/\/www.poderjudicial.cl\/\">Poder Judicial<\/a><br \/>\n<a href=\"http:\/\/www.seremisaludrm.cl\/sitio\/pag\/seremisalud\/indexjs3autoridadsanitaria163.asp\">Secretar\u00eda Regional Ministerial de Salud (SESMA)<\/a><br \/>\n<a href=\"http:\/\/www.senado.cl\/prontus_senado\/antialone.html?page=http:\/\/www.senado.cl\/prontus_senado\/site\/edic\/base\/port\/portada.html\">Senado<\/a><br \/>\n<a href=\"http:\/\/home.sii.cl\/\">Servicio de Impuestos Internos<\/a><br \/>\n<a href=\"http:\/\/www.registrocivil.cl\/\">Servicio de Registro Civil e Identificaci\u00f3n<\/a><br \/>\n<a href=\"http:\/\/www.aduana.cl\/prontus_aduana\/site\/edic\/base\/port\/inicio.html\">Servicio Nacional de Aduanas<\/a><br \/>\n<a href=\"http:\/\/www.sernageomin.cl\/\">Servicio Nacional de Geolog\u00eda y Miner\u00eda<\/a><br \/>\n<a href=\"http:\/\/www.sernac.cl\/sernac2011\/\">Servicio Nacional del Consumidor (SERNAC<\/a>)<br \/>\n<a href=\"http:\/\/www.sernapesca.cl\/\">Servicio Nacional de Pesca<\/a><br \/>\n<a href=\"http:\/\/www.statecapitalgroup.org\/\">State Capital Law Firm Group<\/a><br \/>\n<a href=\"http:\/\/www.subtel.gob.cl\/prontus_subtel\/site\/edic\/base\/port\/inicio.html\">Subsecreter\u00eda de Telecomunicaciones<\/a><br \/>\n<a href=\"http:\/\/www.sbif.cl\/sbifweb\/servlet\/Portada?indice=0.0\">Superintendencia de Bancos e Instituciones Financieras<\/a><br \/>\n<a href=\"http:\/\/www.safp.cl\/573\/channel.html\">Superintendencia de Admin. de Fondos de Pensiones<\/a><br \/>\n<a href=\"http:\/\/www.sec.cl\/portal\/page?_pageid=33,1&amp;_dad=portal&amp;_schema=PORTAL\">Superintendencia de Electricidad y Combustibles<\/a><br \/>\n<a href=\"http:\/\/www.sec.cl\/portal\/page?_pageid=33,1&amp;_dad=portal&amp;_schema=PORTAL\">Superintendencia de Isapres<\/a><br \/>\n<a href=\"http:\/\/www.siss.gob.cl\/577\/w3-channel.html\">Superintendencia de Servicios Sanitarios<\/a><br \/>\n<a href=\"http:\/\/www.svs.gob.cl\/sitio\/index.php\">Superintendencia de Valores y Seguros<\/a><br \/>\n<a href=\"http:\/\/www.tesoreria.cl\/web\/ \">Tesorer\u00eda General de la Rep\u00fablica<\/a><br \/>\n<a href=\"http:\/\/www.tribunaldecompras.cl\/web\/\">Tribunal de Compras<\/a><br \/>\n<a href=\"http:\/\/www.epa.gov\/\">US Enviromental Protection Agency<\/a><\/p>\n","protected":false},"excerpt":{"rendered":"<p>Asociaci\u00f3n Chilena de Derecho Ambiental Banco Central de Chile Biblioteca del Congreso Nacional de Chile Bolsa de Comercio de Santiago C\u00e1mara Chileno Francesa de Comercio e Industria C\u00e1mara Chileno Norteamericana de Comercio C\u00e1mara de Comercio de Santiago C\u00e1mara de Diputados C\u00e1mara Chilena de la Construcci\u00f3n Colegio de Abogados de Chile Conservador de Bienes Ra\u00edces de Santiago Comisi\u00f3n Nacional de Energ\u00eda [&hellip;]<\/p>\n","protected":false},"author":1,"featured_media":32,"parent":0,"menu_order":0,"comment_status":"open","ping_status":"closed","template":"page-fullwidth.php","meta":{"footnotes":""},"class_list":["post-30","page","type-page","status-publish","has-post-thumbnail","hentry"],"jetpack_sharing_enabled":true,"_links":{"self":[{"href":"https:\/\/www.estudiofractal.com\/guerreroycia\/tester\/wp-json\/wp\/v2\/pages\/30","targetHints":{"allow":["GET"]}}],"collection":[{"href":"https:\/\/www.estudiofractal.com\/guerreroycia\/tester\/wp-json\/wp\/v2\/pages"}],"about":[{"href":"https:\/\/www.estudiofractal.com\/guerreroycia\/tester\/wp-json\/wp\/v2\/types\/page"}],"author":[{"embeddable":true,"href":"https:\/\/www.estudiofractal.com\/guerreroycia\/tester\/wp-json\/wp\/v2\/users\/1"}],"replies":[{"embeddable":true,"href":"https:\/\/www.estudiofractal.com\/guerreroycia\/tester\/wp-json\/wp\/v2\/comments?post=30"}],"version-history":[{"count":9,"href":"https:\/\/www.estudiofractal.com\/guerreroycia\/tester\/wp-json\/wp\/v2\/pages\/30\/revisions"}],"predecessor-version":[{"id":93,"href":"https:\/\/www.estudiofractal.com\/guerreroycia\/tester\/wp-json\/wp\/v2\/pages\/30\/revisions\/93"}],"wp:featuredmedia":[{"embeddable":true,"href":"https:\/\/www.estudiofractal.com\/guerreroycia\/tester\/wp-json\/wp\/v2\/media\/32"}],"wp:attachment":[{"href":"https:\/\/www.estudiofractal.com\/guerreroycia\/tester\/wp-json\/wp\/v2\/media?parent=30"}],"curies":[{"name":"wp","href":"https:\/\/api.w.org\/{rel}","templated":true}]}}