{"id":23,"date":"2012-01-24T21:16:51","date_gmt":"2012-01-24T21:16:51","guid":{"rendered":"http:\/\/www.estudiofractal.com\/guerreroycia\/tester\/?page_id=23"},"modified":"2012-03-13T21:08:02","modified_gmt":"2012-03-13T21:08:02","slug":"abogados","status":"publish","type":"page","link":"https:\/\/www.estudiofractal.com\/guerreroycia\/tester\/abogados\/","title":{"rendered":"Abogados"},"content":{"rendered":"<p>El Estudio Guerrero &amp; C\u00eda. Abogados est\u00e1 constituido por profesionales \u00edntegros, altamente calificados y especializados, que han cursado sus estudios profesionales en las mejores escuelas de Derecho, tanto nacionales como extranjeras, con estudios de post\u00edtulo y posgrado.<br \/>\nLos abogados de Guerrero y C\u00eda. Abogados han ingresado al Estudio reci\u00e9n titulados, por lo cual han recibido desde un comienzo una rigurosa formaci\u00f3n conforme al perfil y la impronta profesional del Estudio.<\/p>\n<p><span style=\"color: #cccc99;\">Guerrero &amp; Cia. Abogados Law Firm is integrated by upright, highly qualified and specialized practitioners, who have completed full undergraduate and graduate university courses in the most prestigious Schools of Law.<\/span><br \/>\n<span style=\"color: #cccc99;\"> Guerrero &amp; Cia. Abogados\u2019 practitioners have begun their careers in the firm shortly after having graduated, thus receiving from the very beginning a strict training according to the profile and distinctive mark of the firm.<\/span><\/p>\n","protected":false},"excerpt":{"rendered":"<p>El Estudio Guerrero &amp; C\u00eda. Abogados est\u00e1 constituido por profesionales \u00edntegros, altamente calificados y especializados, que han cursado sus estudios profesionales en las mejores escuelas de Derecho, tanto nacionales como extranjeras, con estudios de post\u00edtulo y posgrado. Los abogados de Guerrero y C\u00eda. Abogados han ingresado al Estudio reci\u00e9n titulados, por lo cual han recibido desde un comienzo una rigurosa [&hellip;]<\/p>\n","protected":false},"author":1,"featured_media":0,"parent":0,"menu_order":0,"comment_status":"open","ping_status":"closed","template":"abogados.php","meta":{"footnotes":""},"class_list":["post-23","page","type-page","status-publish","hentry"],"jetpack_sharing_enabled":true,"_links":{"self":[{"href":"https:\/\/www.estudiofractal.com\/guerreroycia\/tester\/wp-json\/wp\/v2\/pages\/23","targetHints":{"allow":["GET"]}}],"collection":[{"href":"https:\/\/www.estudiofractal.com\/guerreroycia\/tester\/wp-json\/wp\/v2\/pages"}],"about":[{"href":"https:\/\/www.estudiofractal.com\/guerreroycia\/tester\/wp-json\/wp\/v2\/types\/page"}],"author":[{"embeddable":true,"href":"https:\/\/www.estudiofractal.com\/guerreroycia\/tester\/wp-json\/wp\/v2\/users\/1"}],"replies":[{"embeddable":true,"href":"https:\/\/www.estudiofractal.com\/guerreroycia\/tester\/wp-json\/wp\/v2\/comments?post=23"}],"version-history":[{"count":11,"href":"https:\/\/www.estudiofractal.com\/guerreroycia\/tester\/wp-json\/wp\/v2\/pages\/23\/revisions"}],"predecessor-version":[{"id":260,"href":"https:\/\/www.estudiofractal.com\/guerreroycia\/tester\/wp-json\/wp\/v2\/pages\/23\/revisions\/260"}],"wp:attachment":[{"href":"https:\/\/www.estudiofractal.com\/guerreroycia\/tester\/wp-json\/wp\/v2\/media?parent=23"}],"curies":[{"name":"wp","href":"https:\/\/api.w.org\/{rel}","templated":true}]}}