{"id":20,"date":"2012-01-24T21:15:39","date_gmt":"2012-01-24T21:15:39","guid":{"rendered":"http:\/\/www.estudiofractal.com\/guerreroycia\/tester\/?page_id=20"},"modified":"2012-03-13T21:28:04","modified_gmt":"2012-03-13T21:28:04","slug":"areas-de-practica","status":"publish","type":"page","link":"https:\/\/www.estudiofractal.com\/guerreroycia\/tester\/areas-de-practica\/","title":{"rendered":"\u00c1reas de Pr\u00e1ctica"},"content":{"rendered":"<p>Las \u00e1reas de pr\u00e1ctica fundamentales de Guerrero &amp; C\u00eda. Abogados, tanto en el \u00e1mbito de la asesor\u00eda como judicial, dicen relaci\u00f3n en general con el Derecho Constitucional, Civil, Comercial, Penal, del Trabajo, Administrativo y Tributario.<\/p>\n<p>En especial, las principales materias de ejercicio profesional comprenden, entre otras, las siguientes:<\/p>\n<ul>\n<li>Sector inmobiliario, construcci\u00f3n y urban\u00edstico.<\/li>\n<li>Contratos.<\/li>\n<li>Contrataci\u00f3n internacional.<\/li>\n<li>Responsabilidad contractual y extracontractual.<\/li>\n<li>Sucesiones y testamentos.<\/li>\n<li>Corporaciones y fundaciones.<\/li>\n<li>Constituci\u00f3n y liquidaci\u00f3n de sociedades.<\/li>\n<li>Pactos de accionistas.<\/li>\n<li>Reorganizaciones empresariales.<\/li>\n<li>Fusiones, transformaciones y divisiones.<\/li>\n<li>Inversi\u00f3n extrajera.<\/li>\n<li>Marcas comerciales y patentes industriales.<\/li>\n<li>Conflictos societarios.<\/li>\n<li>Negociaciones.<\/li>\n<li>Seguros.<\/li>\n<li>Derecho Financiero.<\/li>\n<li>Derecho El\u00e9ctrico.<\/li>\n<li>Transportes.<\/li>\n<li>Quiebras y convenios.<\/li>\n<li>Derechos del Consumidor.<\/li>\n<li>Mercado de capitales.<\/li>\n<li>Asesor\u00eda laboral, individual y colectiva.<\/li>\n<li>Planificaci\u00f3n tributaria.<\/li>\n<li>Reclamaciones tributarias.<\/li>\n<li>Contencioso administrativo y reclamaciones municipales.<\/li>\n<li>Contratos de obra p\u00fablica.<\/li>\n<li>Concesiones de obra p\u00fablica.<\/li>\n<li>Instituciones deportivas.<\/li>\n<li>Arbitrajes.<\/li>\n<li>Litigios civiles, comerciales y laborales.<\/li>\n<li>Defensas penales.<\/li>\n<\/ul>\n<p>&nbsp;<\/p>\n<p><span style=\"color: #cccc99;\">The fundamental practice areas of Guerrero &amp; Cia. Abogados, both in the trial and legal advice spheres, are generally related to Constitutional, Civil, Commercial, Criminal, Labour, Administrative and Tax Law.<\/span><\/p>\n<p><span style=\"color: #cccc99;\">In particular, our main areas of practice are, among others:<\/span><\/p>\n<ul>\n<li><span style=\"color: #cccc99;\">Real Estate, Construction And Urban Planning<\/span><\/li>\n<li><span style=\"color: #cccc99;\">Contracts<\/span><\/li>\n<li><span style=\"color: #cccc99;\">International Contracts<\/span><\/li>\n<li><span style=\"color: #cccc99;\">Contractual And Tort Liability<\/span><\/li>\n<li><span style=\"color: #cccc99;\">Succession And Wills<\/span><\/li>\n<li><span style=\"color: #cccc99;\">Corporations And Foundations<\/span><\/li>\n<li><span style=\"color: #cccc99;\">Incorporation Of Companies<\/span><\/li>\n<li><span style=\"color: #cccc99;\">Shareholders Agreements<\/span><\/li>\n<li><span style=\"color: #cccc99;\">Reorganization Of Companies<\/span><\/li>\n<li><span style=\"color: #cccc99;\">Merger, Transformation, And Division<\/span><\/li>\n<li><span style=\"color: #cccc99;\">Foreign Investment<\/span><\/li>\n<li><span style=\"color: #cccc99;\">Trademarks And Patents<\/span><\/li>\n<li><span style=\"color: #cccc99;\">Shareholder Conflict<\/span><\/li>\n<li><span style=\"color: #cccc99;\">Negotiations<\/span><\/li>\n<li><span style=\"color: #cccc99;\">Insurance<\/span><\/li>\n<li><span style=\"color: #cccc99;\">Financial Law<\/span><\/li>\n<li><span style=\"color: #cccc99;\">Electricity Law<\/span><\/li>\n<li><span style=\"color: #cccc99;\">Transports<\/span><\/li>\n<li><span style=\"color: #cccc99;\">Bankruptcy Proceedings<\/span><\/li>\n<li><span style=\"color: #cccc99;\">Consumer Rights<\/span><\/li>\n<li><span style=\"color: #cccc99;\">Capital Market<\/span><\/li>\n<li><span style=\"color: #cccc99;\">Individual And Collective Labour Advice<\/span><\/li>\n<li><span style=\"color: #cccc99;\">Tax Planning<\/span><\/li>\n<li><span style=\"color: #cccc99;\">Tax Claims<\/span><\/li>\n<li><span style=\"color: #cccc99;\">Administrative Proceedings And Municipal Claims<\/span><\/li>\n<li><span style=\"color: #cccc99;\">Public Works Contract<\/span><\/li>\n<li><span style=\"color: #cccc99;\">Public Works Concession<\/span><\/li>\n<li><span style=\"color: #cccc99;\">Professional Sports Organizations<\/span><\/li>\n<\/ul>\n","protected":false},"excerpt":{"rendered":"<p>Las \u00e1reas de pr\u00e1ctica fundamentales de Guerrero &amp; C\u00eda. Abogados, tanto en el \u00e1mbito de la asesor\u00eda como judicial, dicen relaci\u00f3n en general con el Derecho Constitucional, Civil, Comercial, Penal, del Trabajo, Administrativo y Tributario. En especial, las principales materias de ejercicio profesional comprenden, entre otras, las siguientes: Sector inmobiliario, construcci\u00f3n y urban\u00edstico. Contratos. Contrataci\u00f3n internacional. Responsabilidad contractual y extracontractual. [&hellip;]<\/p>\n","protected":false},"author":1,"featured_media":21,"parent":0,"menu_order":0,"comment_status":"open","ping_status":"open","template":"page-fullwidth.php","meta":{"footnotes":""},"class_list":["post-20","page","type-page","status-publish","has-post-thumbnail","hentry"],"jetpack_sharing_enabled":true,"_links":{"self":[{"href":"https:\/\/www.estudiofractal.com\/guerreroycia\/tester\/wp-json\/wp\/v2\/pages\/20","targetHints":{"allow":["GET"]}}],"collection":[{"href":"https:\/\/www.estudiofractal.com\/guerreroycia\/tester\/wp-json\/wp\/v2\/pages"}],"about":[{"href":"https:\/\/www.estudiofractal.com\/guerreroycia\/tester\/wp-json\/wp\/v2\/types\/page"}],"author":[{"embeddable":true,"href":"https:\/\/www.estudiofractal.com\/guerreroycia\/tester\/wp-json\/wp\/v2\/users\/1"}],"replies":[{"embeddable":true,"href":"https:\/\/www.estudiofractal.com\/guerreroycia\/tester\/wp-json\/wp\/v2\/comments?post=20"}],"version-history":[{"count":9,"href":"https:\/\/www.estudiofractal.com\/guerreroycia\/tester\/wp-json\/wp\/v2\/pages\/20\/revisions"}],"predecessor-version":[{"id":102,"href":"https:\/\/www.estudiofractal.com\/guerreroycia\/tester\/wp-json\/wp\/v2\/pages\/20\/revisions\/102"}],"wp:featuredmedia":[{"embeddable":true,"href":"https:\/\/www.estudiofractal.com\/guerreroycia\/tester\/wp-json\/wp\/v2\/media\/21"}],"wp:attachment":[{"href":"https:\/\/www.estudiofractal.com\/guerreroycia\/tester\/wp-json\/wp\/v2\/media?parent=20"}],"curies":[{"name":"wp","href":"https:\/\/api.w.org\/{rel}","templated":true}]}}