{"id":17,"date":"2012-01-24T21:14:33","date_gmt":"2012-01-24T21:14:33","guid":{"rendered":"http:\/\/www.estudiofractal.com\/guerreroycia\/tester\/?page_id=17"},"modified":"2012-03-13T21:07:04","modified_gmt":"2012-03-13T21:07:04","slug":"perfil-del-estudio","status":"publish","type":"page","link":"https:\/\/www.estudiofractal.com\/guerreroycia\/tester\/perfil-del-estudio\/","title":{"rendered":"Perfil del Estudio"},"content":{"rendered":"<p style=\"text-align: justify;\">Consciente de que el din\u00e1mico mundo de los negocios, la acelerada vida moderna, la creciente e irreversible globalizaci\u00f3n y los complejos problemas legales que de todo ello se derivan, requieren de una asesor\u00eda jur\u00eddica integral, personalizada, eficaz y de alta calidad, Guerrero &amp; C\u00eda. Abogados ha desarrollado un sistema de trabajo en equipo y una metodolog\u00eda propia que permiten abordar cada asunto con la implementaci\u00f3n de una estrategia creativa e innovadora que brinde a cada cliente en particular las soluciones jur\u00eddicas que, dentro del marco \u00e9tico correspondiente, satisfagan plenamente sus objetivos y necesidades.<\/p>\n<p style=\"text-align: justify;\">La metodolog\u00eda de trabajo en equipo que Guerrero &amp; C\u00eda. Abogados ha desarrollado, implementado y perfeccionado a lo largo de su dilatada trayectoria profesional, se sustenta en un an\u00e1lisis profundo y acucioso de cada asunto desde las distintas \u00e1reas del Derecho, con una visi\u00f3n preventiva de eventuales conflictos, fundada en una s\u00f3lida experiencia como abogados corporativos y a su vez litigantes.<br \/>\nEspecial menci\u00f3n merece la destacada praxis profesional de Guerrero &amp; C\u00eda. Abogados en materia de situaciones de crisis que requieren de un especializado manejo desde el punto de vista jur\u00eddico, empresarial y comunicacional.<\/p>\n<p style=\"text-align: justify;\">Seriedad, \u00e9tica, experiencia, calidad profesional, trabajo en equipo, estrategias creativas e innovadoras y soluciones eficaces y personalizadas, son nuestros pilares fundamentales.<\/p>\n<p><span style=\"color: #cccc99;\">Being aware that the dynamic business world, the hectic modern life-style, the growing and irreversible globalization and complex legal problems derived thereof, require comprehensive, customized, efficient and high-quality legal advice, Guerrero &amp; Cia. Abogados have developed a team work system and a methodology of its own that allows them to approach each matter with an innovative and creative strategy which provides the legal solutions that each client needs in order to meet its objectives, within ethical boundaries.<\/span><\/p>\n<p><span style=\"color: #cccc99;\">The team work methodology developed implemented and improved by Guerrero &amp; Cia. Abogados during their professional exercise is based on a deep and thorough analysis of each matter from the different viewpoints of the Law, along with a preventive view of eventual conflicts, founded on a solid experience as corporate and trial lawyers.It is worth to highlight the outstanding experience of Guerrero &amp; Cia. Abogados in crisis management requiring specialized legal, business and media abilities.<\/span><\/p>\n<p><span style=\"color: #cccc99;\">\u00a0Earnestness, ethics, experience, professional quality, team work, innovative and creative strategy and customized and efficient solutions are our cornerstones.\u00a0<\/span><\/p>\n","protected":false},"excerpt":{"rendered":"<p>Consciente de que el din\u00e1mico mundo de los negocios, la acelerada vida moderna, la creciente e irreversible globalizaci\u00f3n y los complejos problemas legales que de todo ello se derivan, requieren de una asesor\u00eda jur\u00eddica integral, personalizada, eficaz y de alta calidad, Guerrero &amp; C\u00eda. Abogados ha desarrollado un sistema de trabajo en equipo y una metodolog\u00eda propia que permiten abordar [&hellip;]<\/p>\n","protected":false},"author":1,"featured_media":18,"parent":0,"menu_order":0,"comment_status":"open","ping_status":"closed","template":"page-fullwidth.php","meta":{"footnotes":""},"class_list":["post-17","page","type-page","status-publish","has-post-thumbnail","hentry"],"jetpack_sharing_enabled":true,"_links":{"self":[{"href":"https:\/\/www.estudiofractal.com\/guerreroycia\/tester\/wp-json\/wp\/v2\/pages\/17","targetHints":{"allow":["GET"]}}],"collection":[{"href":"https:\/\/www.estudiofractal.com\/guerreroycia\/tester\/wp-json\/wp\/v2\/pages"}],"about":[{"href":"https:\/\/www.estudiofractal.com\/guerreroycia\/tester\/wp-json\/wp\/v2\/types\/page"}],"author":[{"embeddable":true,"href":"https:\/\/www.estudiofractal.com\/guerreroycia\/tester\/wp-json\/wp\/v2\/users\/1"}],"replies":[{"embeddable":true,"href":"https:\/\/www.estudiofractal.com\/guerreroycia\/tester\/wp-json\/wp\/v2\/comments?post=17"}],"version-history":[{"count":38,"href":"https:\/\/www.estudiofractal.com\/guerreroycia\/tester\/wp-json\/wp\/v2\/pages\/17\/revisions"}],"predecessor-version":[{"id":259,"href":"https:\/\/www.estudiofractal.com\/guerreroycia\/tester\/wp-json\/wp\/v2\/pages\/17\/revisions\/259"}],"wp:featuredmedia":[{"embeddable":true,"href":"https:\/\/www.estudiofractal.com\/guerreroycia\/tester\/wp-json\/wp\/v2\/media\/18"}],"wp:attachment":[{"href":"https:\/\/www.estudiofractal.com\/guerreroycia\/tester\/wp-json\/wp\/v2\/media?parent=17"}],"curies":[{"name":"wp","href":"https:\/\/api.w.org\/{rel}","templated":true}]}}